{"id":920,"date":"2021-05-14T11:02:00","date_gmt":"2021-05-14T11:02:00","guid":{"rendered":"https:\/\/hotela1express.com\/?page_id=920"},"modified":"2021-05-15T23:45:03","modified_gmt":"2021-05-15T23:45:03","slug":"mision","status":"publish","type":"page","link":"https:\/\/hotela1express.com\/index.php\/mision\/","title":{"rendered":"MISION"},"content":{"rendered":"\t\t<div data-elementor-type=\"wp-page\" data-elementor-id=\"920\" class=\"elementor elementor-920\">\n\t\t\t\t\t\t<section class=\"elementor-section elementor-top-section elementor-element elementor-element-47a2d1a elementor-section-boxed elementor-section-height-default elementor-section-height-default\" data-id=\"47a2d1a\" data-element_type=\"section\">\n\t\t\t\t\t\t<div class=\"elementor-container elementor-column-gap-default\">\n\t\t\t\t\t<div class=\"elementor-column elementor-col-100 elementor-top-column elementor-element elementor-element-8f85d02\" data-id=\"8f85d02\" data-element_type=\"column\">\n\t\t\t<div class=\"elementor-widget-wrap elementor-element-populated\">\n\t\t\t\t\t\t<div class=\"elementor-element elementor-element-9c703ea elementor-widget elementor-widget-text-editor\" data-id=\"9c703ea\" data-element_type=\"widget\" data-widget_type=\"text-editor.default\">\n\t\t\t\t<div class=\"elementor-widget-container\">\n\t\t\t\t\t\t\t<p>Somos una empresa caquete\u00f1a que presta servicio de hoteler\u00eda enfocada a satisfacer las necesidades de nuestros hu\u00e9spedes, brind\u00e1ndoles productos y servicios de calidad y amigable con el medio ambiente a trav\u00e9s de nuestros colaboradores. Aportamos al desarrollo econ\u00f3mico y tur\u00edstico de la Regi\u00f3n mediante nuestro compromiso de excelencia e innovaci\u00f3n.<\/p>\t\t\t\t\t\t<\/div>\n\t\t\t\t<\/div>\n\t\t\t\t\t<\/div>\n\t\t<\/div>\n\t\t\t\t\t<\/div>\n\t\t<\/section>\n\t\t\t\t<\/div>\n\t\t","protected":false},"excerpt":{"rendered":"<p>Somos una empresa caquete\u00f1a que presta servicio de hoteler\u00eda enfocada a satisfacer las necesidades de nuestros hu\u00e9spedes, brind\u00e1ndoles productos y servicios de calidad y amigable con el medio ambiente a trav\u00e9s de nuestros colaboradores. Aportamos al desarrollo econ\u00f3mico y tur\u00edstico&hellip;<\/p>\n","protected":false},"author":1,"featured_media":980,"parent":0,"menu_order":0,"comment_status":"closed","ping_status":"closed","template":"","meta":{"om_disable_all_campaigns":false,"_monsterinsights_skip_tracking":false,"_monsterinsights_sitenote_active":false,"_monsterinsights_sitenote_note":"","_monsterinsights_sitenote_category":0},"_links":{"self":[{"href":"https:\/\/hotela1express.com\/index.php\/wp-json\/wp\/v2\/pages\/920"}],"collection":[{"href":"https:\/\/hotela1express.com\/index.php\/wp-json\/wp\/v2\/pages"}],"about":[{"href":"https:\/\/hotela1express.com\/index.php\/wp-json\/wp\/v2\/types\/page"}],"author":[{"embeddable":true,"href":"https:\/\/hotela1express.com\/index.php\/wp-json\/wp\/v2\/users\/1"}],"replies":[{"embeddable":true,"href":"https:\/\/hotela1express.com\/index.php\/wp-json\/wp\/v2\/comments?post=920"}],"version-history":[{"count":5,"href":"https:\/\/hotela1express.com\/index.php\/wp-json\/wp\/v2\/pages\/920\/revisions"}],"predecessor-version":[{"id":979,"href":"https:\/\/hotela1express.com\/index.php\/wp-json\/wp\/v2\/pages\/920\/revisions\/979"}],"wp:featuredmedia":[{"embeddable":true,"href":"https:\/\/hotela1express.com\/index.php\/wp-json\/wp\/v2\/media\/980"}],"wp:attachment":[{"href":"https:\/\/hotela1express.com\/index.php\/wp-json\/wp\/v2\/media?parent=920"}],"curies":[{"name":"wp","href":"https:\/\/api.w.org\/{rel}","templated":true}]}}